{"id":1106,"date":"2024-12-16T15:51:20","date_gmt":"2024-12-16T13:51:20","guid":{"rendered":"https:\/\/dev.lete.lv\/?page_id=1106"},"modified":"2025-01-13T18:53:40","modified_gmt":"2025-01-13T16:53:40","slug":"svitrkodu-un-termodrukas-printeri","status":"publish","type":"page","link":"https:\/\/dev.lete.lv\/?page_id=1106","title":{"rendered":"Sv\u012btrkodu un termodrukas printeri"},"content":{"rendered":"\t\t<div data-elementor-type=\"wp-page\" data-elementor-id=\"1106\" class=\"elementor elementor-1106\">\n\t\t\t\t<div class=\"elementor-element elementor-element-b5edf52 e-flex e-con-boxed e-con e-parent\" data-id=\"b5edf52\" data-element_type=\"container\" data-settings=\"{&quot;background_background&quot;:&quot;classic&quot;}\">\n\t\t\t\t\t<div class=\"e-con-inner\">\n\t\t\t\t<div class=\"elementor-element elementor-element-be4fce4 elementor-widget elementor-widget-heading\" data-id=\"be4fce4\" data-element_type=\"widget\" data-widget_type=\"heading.default\">\n\t\t\t\t<div class=\"elementor-widget-container\">\n\t\t\t\t\t<h2 class=\"elementor-heading-title elementor-size-default\">Sv\u012btrkodu un termodrukas printeri<\/h2>\t\t\t\t<\/div>\n\t\t\t\t<\/div>\n\t\t\t\t\t<\/div>\n\t\t\t\t<\/div>\n\t\t<div class=\"elementor-element elementor-element-4f82eae e-con-full e-flex e-con e-parent\" data-id=\"4f82eae\" data-element_type=\"container\">\n\t\t<div class=\"elementor-element elementor-element-ad9322b e-flex e-con-boxed e-con e-child\" data-id=\"ad9322b\" data-element_type=\"container\" data-settings=\"{&quot;background_background&quot;:&quot;classic&quot;}\">\n\t\t\t\t\t<div class=\"e-con-inner\">\n\t\t<div class=\"elementor-element elementor-element-4c90235 e-flex e-con-boxed e-con e-child\" data-id=\"4c90235\" data-element_type=\"container\">\n\t\t\t\t\t<div class=\"e-con-inner\">\n\t\t<div class=\"elementor-element elementor-element-fe4e843 e-con-full ct-mainbox e-flex e-con e-child\" data-id=\"fe4e843\" data-element_type=\"container\" data-settings=\"{&quot;background_background&quot;:&quot;classic&quot;}\">\n\t\t\t\t<div class=\"elementor-element elementor-element-cac82fa elementor-widget elementor-widget-heading\" data-id=\"cac82fa\" data-element_type=\"widget\" data-widget_type=\"heading.default\">\n\t\t\t\t<div class=\"elementor-widget-container\">\n\t\t\t\t\t<h5 class=\"elementor-heading-title elementor-size-default\">ZEBRA ZD411DT3<\/h5>\t\t\t\t<\/div>\n\t\t\t\t<\/div>\n\t\t\t\t<div class=\"elementor-element elementor-element-9963e06 elementor-widget elementor-widget-text-editor\" data-id=\"9963e06\" data-element_type=\"widget\" data-widget_type=\"text-editor.default\">\n\t\t\t\t<div class=\"elementor-widget-container\">\n\t\t\t\t\t\t\t\t\t<p>Sv\u012btrkodu printeris<\/p>\t\t\t\t\t\t\t\t<\/div>\n\t\t\t\t<\/div>\n\t\t\t\t<div class=\"elementor-element elementor-element-2e1ce2f elementor-widget elementor-widget-image\" data-id=\"2e1ce2f\" data-element_type=\"widget\" data-widget_type=\"image.default\">\n\t\t\t\t<div class=\"elementor-widget-container\">\n\t\t\t\t\t\t\t\t\t\t\t\t\t\t\t<img fetchpriority=\"high\" decoding=\"async\" width=\"375\" height=\"375\" src=\"https:\/\/dev.lete.lv\/wp-content\/uploads\/2024\/12\/ZEBRA-ZD411DT3-e1734358671828.png\" class=\"attachment-large size-large wp-image-1137\" alt=\"\" srcset=\"https:\/\/dev.lete.lv\/wp-content\/uploads\/2024\/12\/ZEBRA-ZD411DT3-e1734358671828.png 375w, https:\/\/dev.lete.lv\/wp-content\/uploads\/2024\/12\/ZEBRA-ZD411DT3-e1734358671828-300x300.png 300w, https:\/\/dev.lete.lv\/wp-content\/uploads\/2024\/12\/ZEBRA-ZD411DT3-e1734358671828-150x150.png 150w, https:\/\/dev.lete.lv\/wp-content\/uploads\/2024\/12\/ZEBRA-ZD411DT3-e1734358671828-100x100.png 100w\" sizes=\"(max-width: 375px) 100vw, 375px\" \/>\t\t\t\t\t\t\t\t\t\t\t\t\t\t\t<\/div>\n\t\t\t\t<\/div>\n\t\t\t\t<\/div>\n\t\t<div class=\"elementor-element elementor-element-85635a6 e-con-full ct-mainbox e-flex e-con e-child\" data-id=\"85635a6\" data-element_type=\"container\" data-settings=\"{&quot;background_background&quot;:&quot;classic&quot;}\">\n\t\t\t\t<div class=\"elementor-element elementor-element-702a01b elementor-widget elementor-widget-heading\" data-id=\"702a01b\" data-element_type=\"widget\" data-widget_type=\"heading.default\">\n\t\t\t\t<div class=\"elementor-widget-container\">\n\t\t\t\t\t<h5 class=\"elementor-heading-title elementor-size-default\">ZEBRA ZD220T<\/h5>\t\t\t\t<\/div>\n\t\t\t\t<\/div>\n\t\t\t\t<div class=\"elementor-element elementor-element-e61e542 elementor-widget elementor-widget-text-editor\" data-id=\"e61e542\" data-element_type=\"widget\" data-widget_type=\"text-editor.default\">\n\t\t\t\t<div class=\"elementor-widget-container\">\n\t\t\t\t\t\t\t\t\t<p>Sv\u012btrkodu printeris<\/p>\t\t\t\t\t\t\t\t<\/div>\n\t\t\t\t<\/div>\n\t\t\t\t<div class=\"elementor-element elementor-element-01dda12 elementor-widget elementor-widget-image\" data-id=\"01dda12\" data-element_type=\"widget\" data-widget_type=\"image.default\">\n\t\t\t\t<div class=\"elementor-widget-container\">\n\t\t\t\t\t\t\t\t\t\t\t\t\t\t\t<img decoding=\"async\" width=\"960\" height=\"960\" src=\"https:\/\/dev.lete.lv\/wp-content\/uploads\/2024\/12\/ZEBRA-ZD220T.png\" class=\"attachment-large size-large wp-image-1133\" alt=\"\" srcset=\"https:\/\/dev.lete.lv\/wp-content\/uploads\/2024\/12\/ZEBRA-ZD220T.png 960w, https:\/\/dev.lete.lv\/wp-content\/uploads\/2024\/12\/ZEBRA-ZD220T-300x300.png 300w, https:\/\/dev.lete.lv\/wp-content\/uploads\/2024\/12\/ZEBRA-ZD220T-150x150.png 150w, https:\/\/dev.lete.lv\/wp-content\/uploads\/2024\/12\/ZEBRA-ZD220T-768x768.png 768w, https:\/\/dev.lete.lv\/wp-content\/uploads\/2024\/12\/ZEBRA-ZD220T-600x600.png 600w, https:\/\/dev.lete.lv\/wp-content\/uploads\/2024\/12\/ZEBRA-ZD220T-100x100.png 100w\" sizes=\"(max-width: 960px) 100vw, 960px\" \/>\t\t\t\t\t\t\t\t\t\t\t\t\t\t\t<\/div>\n\t\t\t\t<\/div>\n\t\t\t\t<\/div>\n\t\t<div class=\"elementor-element elementor-element-f017822 e-con-full ct-mainbox e-flex e-con e-child\" data-id=\"f017822\" data-element_type=\"container\" data-settings=\"{&quot;background_background&quot;:&quot;classic&quot;}\">\n\t\t\t\t<div class=\"elementor-element elementor-element-b869a69 elementor-widget elementor-widget-heading\" data-id=\"b869a69\" data-element_type=\"widget\" data-widget_type=\"heading.default\">\n\t\t\t\t<div class=\"elementor-widget-container\">\n\t\t\t\t\t<h5 class=\"elementor-heading-title elementor-size-default\">CITIZEN CL-S621<\/h5>\t\t\t\t<\/div>\n\t\t\t\t<\/div>\n\t\t\t\t<div class=\"elementor-element elementor-element-0fb3a68 elementor-widget elementor-widget-text-editor\" data-id=\"0fb3a68\" data-element_type=\"widget\" data-widget_type=\"text-editor.default\">\n\t\t\t\t<div class=\"elementor-widget-container\">\n\t\t\t\t\t\t\t\t\t<p>Sv\u012btrkodu printeris<\/p>\t\t\t\t\t\t\t\t<\/div>\n\t\t\t\t<\/div>\n\t\t\t\t<div class=\"elementor-element elementor-element-d1a4c8c elementor-widget elementor-widget-image\" data-id=\"d1a4c8c\" data-element_type=\"widget\" data-widget_type=\"image.default\">\n\t\t\t\t<div class=\"elementor-widget-container\">\n\t\t\t\t\t\t\t\t\t\t\t\t\t\t\t<img decoding=\"async\" width=\"375\" height=\"375\" src=\"https:\/\/dev.lete.lv\/wp-content\/uploads\/2024\/12\/CITIZEN-CL-S621-1.png\" class=\"attachment-large size-large wp-image-1152\" alt=\"\" srcset=\"https:\/\/dev.lete.lv\/wp-content\/uploads\/2024\/12\/CITIZEN-CL-S621-1.png 375w, https:\/\/dev.lete.lv\/wp-content\/uploads\/2024\/12\/CITIZEN-CL-S621-1-300x300.png 300w, https:\/\/dev.lete.lv\/wp-content\/uploads\/2024\/12\/CITIZEN-CL-S621-1-150x150.png 150w, https:\/\/dev.lete.lv\/wp-content\/uploads\/2024\/12\/CITIZEN-CL-S621-1-100x100.png 100w\" sizes=\"(max-width: 375px) 100vw, 375px\" \/>\t\t\t\t\t\t\t\t\t\t\t\t\t\t\t<\/div>\n\t\t\t\t<\/div>\n\t\t\t\t<\/div>\n\t\t<div class=\"elementor-element elementor-element-bdd3f13 e-con-full ct-mainbox e-flex e-con e-child\" data-id=\"bdd3f13\" data-element_type=\"container\" data-settings=\"{&quot;background_background&quot;:&quot;classic&quot;}\">\n\t\t\t\t<\/div>\n\t\t\t\t\t<\/div>\n\t\t\t\t<\/div>\n\t\t\t\t\t<\/div>\n\t\t\t\t<\/div>\n\t\t\t\t<\/div>\n\t\t<div class=\"elementor-element elementor-element-c85edf8 e-con-full e-flex e-con e-parent\" data-id=\"c85edf8\" data-element_type=\"container\">\n\t\t<div class=\"elementor-element elementor-element-cdeac89 e-flex e-con-boxed e-con e-child\" data-id=\"cdeac89\" data-element_type=\"container\" data-settings=\"{&quot;background_background&quot;:&quot;classic&quot;}\">\n\t\t\t\t\t<div class=\"e-con-inner\">\n\t\t<div class=\"elementor-element elementor-element-931f4b2 e-flex e-con-boxed e-con e-child\" data-id=\"931f4b2\" data-element_type=\"container\">\n\t\t\t\t\t<div class=\"e-con-inner\">\n\t\t<div class=\"elementor-element elementor-element-e15ac46 e-con-full ct-mainbox e-flex e-con e-child\" data-id=\"e15ac46\" data-element_type=\"container\" data-settings=\"{&quot;background_background&quot;:&quot;classic&quot;}\">\n\t\t\t\t<div class=\"elementor-element elementor-element-8b0c572 elementor-widget elementor-widget-heading\" data-id=\"8b0c572\" data-element_type=\"widget\" data-widget_type=\"heading.default\">\n\t\t\t\t<div class=\"elementor-widget-container\">\n\t\t\t\t\t<h5 class=\"elementor-heading-title elementor-size-default\"><a href=\"https:\/\/dev.lete.lv\/wp-content\/uploads\/2025\/01\/CHD-TH-508.pdf\" target=\"_blank\">CHD TH-508<\/a><\/h5>\t\t\t\t<\/div>\n\t\t\t\t<\/div>\n\t\t\t\t<div class=\"elementor-element elementor-element-eca0330 elementor-widget elementor-widget-text-editor\" data-id=\"eca0330\" data-element_type=\"widget\" data-widget_type=\"text-editor.default\">\n\t\t\t\t<div class=\"elementor-widget-container\">\n\t\t\t\t\t\t\t\t\t<p>Termodrukas printeris<\/p>\t\t\t\t\t\t\t\t<\/div>\n\t\t\t\t<\/div>\n\t\t\t\t<div class=\"elementor-element elementor-element-4507fa4 elementor-widget elementor-widget-image\" data-id=\"4507fa4\" data-element_type=\"widget\" data-widget_type=\"image.default\">\n\t\t\t\t<div class=\"elementor-widget-container\">\n\t\t\t\t\t\t\t\t\t\t\t\t\t\t\t\t<a href=\"https:\/\/dev.lete.lv\/wp-content\/uploads\/2025\/01\/CHD-TH-508.pdf\" target=\"_blank\">\n\t\t\t\t\t\t\t<img loading=\"lazy\" decoding=\"async\" width=\"614\" height=\"600\" src=\"https:\/\/dev.lete.lv\/wp-content\/uploads\/2024\/12\/CHD-TH508.png\" class=\"attachment-large size-large wp-image-1116\" alt=\"\" srcset=\"https:\/\/dev.lete.lv\/wp-content\/uploads\/2024\/12\/CHD-TH508.png 614w, https:\/\/dev.lete.lv\/wp-content\/uploads\/2024\/12\/CHD-TH508-300x293.png 300w, https:\/\/dev.lete.lv\/wp-content\/uploads\/2024\/12\/CHD-TH508-600x586.png 600w\" sizes=\"(max-width: 614px) 100vw, 614px\" \/>\t\t\t\t\t\t\t\t<\/a>\n\t\t\t\t\t\t\t\t\t\t\t\t\t\t\t<\/div>\n\t\t\t\t<\/div>\n\t\t\t\t<\/div>\n\t\t<div class=\"elementor-element elementor-element-eccef88 e-con-full ct-mainbox e-flex e-con e-child\" data-id=\"eccef88\" data-element_type=\"container\" data-settings=\"{&quot;background_background&quot;:&quot;classic&quot;}\">\n\t\t\t\t<div class=\"elementor-element elementor-element-6a91058 elementor-widget elementor-widget-heading\" data-id=\"6a91058\" data-element_type=\"widget\" data-widget_type=\"heading.default\">\n\t\t\t\t<div class=\"elementor-widget-container\">\n\t\t\t\t\t<h5 class=\"elementor-heading-title elementor-size-default\">CHD TH-305N<\/h5>\t\t\t\t<\/div>\n\t\t\t\t<\/div>\n\t\t\t\t<div class=\"elementor-element elementor-element-aabb265 elementor-widget elementor-widget-text-editor\" data-id=\"aabb265\" data-element_type=\"widget\" data-widget_type=\"text-editor.default\">\n\t\t\t\t<div class=\"elementor-widget-container\">\n\t\t\t\t\t\t\t\t\t<p>Termodrukas printeris<\/p>\t\t\t\t\t\t\t\t<\/div>\n\t\t\t\t<\/div>\n\t\t\t\t<div class=\"elementor-element elementor-element-b02694e elementor-widget elementor-widget-image\" data-id=\"b02694e\" data-element_type=\"widget\" data-widget_type=\"image.default\">\n\t\t\t\t<div class=\"elementor-widget-container\">\n\t\t\t\t\t\t\t\t\t\t\t\t\t\t\t<img loading=\"lazy\" decoding=\"async\" width=\"375\" height=\"375\" src=\"https:\/\/dev.lete.lv\/wp-content\/uploads\/2024\/12\/CHD-TH-305N.png\" class=\"attachment-large size-large wp-image-1115\" alt=\"\" srcset=\"https:\/\/dev.lete.lv\/wp-content\/uploads\/2024\/12\/CHD-TH-305N.png 375w, https:\/\/dev.lete.lv\/wp-content\/uploads\/2024\/12\/CHD-TH-305N-300x300.png 300w, https:\/\/dev.lete.lv\/wp-content\/uploads\/2024\/12\/CHD-TH-305N-150x150.png 150w, https:\/\/dev.lete.lv\/wp-content\/uploads\/2024\/12\/CHD-TH-305N-100x100.png 100w\" sizes=\"(max-width: 375px) 100vw, 375px\" \/>\t\t\t\t\t\t\t\t\t\t\t\t\t\t\t<\/div>\n\t\t\t\t<\/div>\n\t\t\t\t<\/div>\n\t\t<div class=\"elementor-element elementor-element-94e0b4f e-con-full ct-mainbox e-flex e-con e-child\" data-id=\"94e0b4f\" data-element_type=\"container\" data-settings=\"{&quot;background_background&quot;:&quot;classic&quot;}\">\n\t\t\t\t<\/div>\n\t\t<div class=\"elementor-element elementor-element-c1cf4e2 e-con-full ct-mainbox e-flex e-con e-child\" data-id=\"c1cf4e2\" data-element_type=\"container\" data-settings=\"{&quot;background_background&quot;:&quot;classic&quot;}\">\n\t\t\t\t<\/div>\n\t\t\t\t\t<\/div>\n\t\t\t\t<\/div>\n\t\t\t\t\t<\/div>\n\t\t\t\t<\/div>\n\t\t\t\t<\/div>\n\t\t\t\t<\/div>\n\t\t","protected":false},"excerpt":{"rendered":"<p>Sv\u012btrkodu un termodrukas printeri ZEBRA ZD411DT3 Sv\u012btrkodu printeris ZEBRA ZD220T Sv\u012btrkodu printeris CITIZEN CL-S621 Sv\u012btrkodu printeris CHD TH-508 Termodrukas printeris CHD TH-305N Termodrukas printeris<\/p>\n","protected":false},"author":1,"featured_media":0,"parent":0,"menu_order":0,"comment_status":"closed","ping_status":"closed","template":"","meta":{"footnotes":""},"class_list":["post-1106","page","type-page","status-publish","hentry"],"blocksy_meta":{"page_title_panel":"","has_hero_section":"disabled","44aba6825f3f695b34ff7f5938af02e4":"","hero_section":"type-1","hero_elements":[{"id":"custom_title","enabled":true,"heading_tag":"h1","title":"Home"},{"id":"custom_description","enabled":true,"description_visibility":{"desktop":true,"tablet":true,"mobile":false}},{"id":"custom_meta","enabled":false,"meta_elements":[{"id":"author","enabled":true,"label":"By","has_author_avatar":"yes","avatar_size":25},{"id":"post_date","enabled":true,"label":"On","date_format_source":"default","date_format":"M j, Y"},{"id":"updated_date","enabled":false,"label":"On","date_format_source":"default","date_format":"M j, Y"},{"id":"categories","enabled":false,"label":"In","style":"simple"},{"id":"comments","enabled":true}],"page_meta_elements":{"joined":true,"articles_count":true,"comments":true}},{"id":"breadcrumbs","enabled":false}],"0662b16171993dcc28750591d2c44dc2":"","hero_alignment1":"CT_CSS_SKIP_RULE","hero_margin":40,"hero_alignment2":"center","hero_vertical_alignment":"center","ec1f2a1ce54454f4acf89720477b7047":"","hero_structure":"narrow","367c1f360f7821105b4a996429833deb":"","page_title_bg_type":"featured_image","custom_hero_background":{"attachment_id":null},"page_title_image_size":"full","parallax":{"desktop":false,"tablet":false,"mobile":false},"2d9eb71dff97835f1ffa054857a6df1b":"","hero_height":"250px","pageTitleFont":{"family":"Default","variation":"Default","size":"30px","line-height":"CT_CSS_SKIP_RULE","letter-spacing":"CT_CSS_SKIP_RULE","text-transform":"CT_CSS_SKIP_RULE","text-decoration":"CT_CSS_SKIP_RULE"},"pageTitleFontColor":{"default":{"color":"CT_CSS_SKIP_RULEDEFAULT"}},"pageMetaFont":{"family":"Default","variation":"n6","size":"12px","line-height":"1.3","letter-spacing":"CT_CSS_SKIP_RULE","text-transform":"uppercase","text-decoration":"CT_CSS_SKIP_RULE"},"pageMetaFontColor":{"default":{"color":"CT_CSS_SKIP_RULEDEFAULT"},"hover":{"color":"CT_CSS_SKIP_RULEDEFAULT"}},"page_meta_button_type_font_colors":{"default":{"color":"CT_CSS_SKIP_RULEDEFAULT"},"hover":{"color":"CT_CSS_SKIP_RULEDEFAULT"}},"page_meta_button_type_background_colors":{"default":{"color":"CT_CSS_SKIP_RULEDEFAULT"},"hover":{"color":"CT_CSS_SKIP_RULEDEFAULT"}},"pageExcerptFont":{"family":"Default","variation":"Default","size":"CT_CSS_SKIP_RULE","line-height":"CT_CSS_SKIP_RULE","letter-spacing":"CT_CSS_SKIP_RULE","text-transform":"CT_CSS_SKIP_RULE","text-decoration":"CT_CSS_SKIP_RULE"},"pageExcerptColor":{"default":{"color":"CT_CSS_SKIP_RULEDEFAULT"}},"breadcrumbsFont":{"family":"Default","variation":"Default","size":"CT_CSS_SKIP_RULE","line-height":"CT_CSS_SKIP_RULE","letter-spacing":"CT_CSS_SKIP_RULE","text-transform":"CT_CSS_SKIP_RULE","text-decoration":"CT_CSS_SKIP_RULE"},"breadcrumbsFontColor":{"default":{"color":"CT_CSS_SKIP_RULEDEFAULT"},"initial":{"color":"CT_CSS_SKIP_RULEDEFAULT"},"hover":{"color":"CT_CSS_SKIP_RULEDEFAULT"}},"pageTitleOverlay":{"background_type":"color","background_pattern":"type-1","background_image":{"attachment_id":null,"x":0,"y":0},"gradient":"linear-gradient(135deg,rgba(6,147,227,1) 0%,rgb(155,81,224) 100%)","background_repeat":"repeat","background_size":"auto","background_attachment":"scroll","patternColor":{"default":{"color":"#e5e7ea"}},"overlayColor":{"default":{"color":"CT_CSS_SKIP_RULE"}},"backgroundColor":{"default":{"color":"CT_CSS_SKIP_RULE"}}},"pageTitleBackground":{"background_type":"color","background_pattern":"type-1","background_image":{"attachment_id":null,"x":0,"y":0},"gradient":"linear-gradient(135deg,rgba(6,147,227,1) 0%,rgb(155,81,224) 100%)","background_repeat":"repeat","background_size":"auto","background_attachment":"scroll","patternColor":{"default":{"color":"#e5e7ea"}},"overlayColor":{"default":{"color":"CT_CSS_SKIP_RULE"}},"backgroundColor":{"default":{"color":"var(--theme-palette-color-6)"}}},"pageTitlePadding":{"top":"50px","bottom":"50px","left":"auto","right":"auto","linked":true},"a75f06046ec1a5b30d07341335351f04":"","page_structure_type":"default","14ae5c6fee8143226c976636cc8ae4e0":"","content_style_source":"inherit","content_style":"wide","vertical_spacing_source":"custom","content_area_spacing":"none","background":{"background_type":"color","background_pattern":"type-1","background_image":{"attachment_id":null,"x":0,"y":0},"gradient":"linear-gradient(135deg,rgba(6,147,227,1) 0%,rgb(155,81,224) 100%)","background_repeat":"repeat","background_size":"auto","background_attachment":"scroll","patternColor":{"default":{"color":"#e5e7ea"}},"overlayColor":{"default":{"color":"CT_CSS_SKIP_RULE"}},"backgroundColor":{"default":{"color":"CT_CSS_SKIP_RULE"}}},"content_background":{"background_type":"color","background_pattern":"type-1","background_image":{"attachment_id":null,"x":0,"y":0},"gradient":"linear-gradient(135deg,rgba(6,147,227,1) 0%,rgb(155,81,224) 100%)","background_repeat":"repeat","background_size":"auto","background_attachment":"scroll","patternColor":{"default":{"color":"#e5e7ea"}},"overlayColor":{"default":{"color":"CT_CSS_SKIP_RULE"}},"backgroundColor":{"default":{"color":"var(--theme-palette-color-8)"}}},"content_boxed_shadow":{"inherit":false,"blur":18,"spread":-6,"v_offset":12,"h_offset":0,"inset":false,"enable":true,"color":{"color":"rgba(34, 56, 101, 0.04)"}},"content_boxed_border":{"width":1,"style":"none","color":{"color":"rgba(44,62,80,0.2)"}},"content_boxed_radius":{"top":"3px","bottom":"3px","left":"3px","right":"3px","linked":true},"boxed_content_spacing":{"desktop":{"top":"40px","bottom":"40px","left":"40px","right":"40px","linked":true},"tablet":{"top":"35px","bottom":"35px","left":"35px","right":"35px","linked":true},"mobile":{"top":"20px","bottom":"20px","left":"20px","right":"20px","linked":true}},"98280511bbd1dccaacef82151bbf4f04":"","disable_featured_image":"no","disable_share_box":"no","disable_header":"no","disable_footer":"no","styles_descriptor":{"styles":{"desktop":"","tablet":"","mobile":""},"google_fonts":[],"version":6}},"_links":{"self":[{"href":"https:\/\/dev.lete.lv\/index.php?rest_route=\/wp\/v2\/pages\/1106","targetHints":{"allow":["GET"]}}],"collection":[{"href":"https:\/\/dev.lete.lv\/index.php?rest_route=\/wp\/v2\/pages"}],"about":[{"href":"https:\/\/dev.lete.lv\/index.php?rest_route=\/wp\/v2\/types\/page"}],"author":[{"embeddable":true,"href":"https:\/\/dev.lete.lv\/index.php?rest_route=\/wp\/v2\/users\/1"}],"replies":[{"embeddable":true,"href":"https:\/\/dev.lete.lv\/index.php?rest_route=%2Fwp%2Fv2%2Fcomments&post=1106"}],"version-history":[{"count":52,"href":"https:\/\/dev.lete.lv\/index.php?rest_route=\/wp\/v2\/pages\/1106\/revisions"}],"predecessor-version":[{"id":1589,"href":"https:\/\/dev.lete.lv\/index.php?rest_route=\/wp\/v2\/pages\/1106\/revisions\/1589"}],"wp:attachment":[{"href":"https:\/\/dev.lete.lv\/index.php?rest_route=%2Fwp%2Fv2%2Fmedia&parent=1106"}],"curies":[{"name":"wp","href":"https:\/\/api.w.org\/{rel}","templated":true}]}}